{"id":311,"date":"2018-01-25T15:41:16","date_gmt":"2018-01-25T15:41:16","guid":{"rendered":"https:\/\/www.acuiplus.org\/politica-de-cookies\/"},"modified":"2018-08-09T10:18:47","modified_gmt":"2018-08-09T10:18:47","slug":"politica-de-cookies","status":"publish","type":"page","link":"https:\/\/www.acuiplus.org\/en\/politica-de-cookies\/","title":{"rendered":"Pol\u00edtica de cookies"},"content":{"rendered":"<p><strong>Sobre el uso de las galletas o cookies en este sitio web<\/strong><br \/>\nUna cookie (o cookie en ingl\u00e9s) es un peque\u00f1o fragmento de c\u00f3digo que los sitios web que visitas env\u00edan en su navegador. Su funci\u00f3n es diversa, por ejemplo:<\/p>\n<p>Hay galletas de preferencias, que sirven por ejemplo para recordar el idioma que has elegido para navegar.<\/p>\n<p>Hay galletas de procesos, que cuando accedes a un \u00e1rea privada memorizan algunos datos para tener en cuenta el d\u00eda que vuelvas. Y si est\u00e1s en una tienda en l\u00ednea, permiten rellenar el carrito de la compra a medida que vas eligiendo productos.<\/p>\n<p>Tambi\u00e9n hay cookies de seguridad, que sirven para impedir que alguien haga un uso fraudulento de tus credenciales de acceso.<\/p>\n<p>En estos casos las cookies consiguen que los sitios web sean m\u00e1s \u00fatiles para ti.<\/p>\n<p>En este lugar tambi\u00e9n utilizamos cookies de an\u00e1lisis, concretamente para que Google Analytics nos d\u00e9 datos sobre las visitas, siempre de forma an\u00f3nima, y podamos mejorar los contenidos que ofrecemos.<\/p>\n<p>Para nosotros las cookies son un recurso para hacer que la web sea m\u00e1s efectivo, \u00fatil y pr\u00e1ctico para ti. Siempre respetamos tu intimidad y la de todas las personas que nos visitan, como debe ser.<\/p>\n<p>Puedes cambiar de opini\u00f3n y eliminar las cookies cuando quieras.<\/p>\n<p>Para consultar y gestionar las cookies instaladas en tu equipo hay que cambiar la configuraci\u00f3n de tu navegador. Encontrar\u00e1s informaci\u00f3n detallada en los siguientes enlaces:<\/p>\n<ul>\n<li>Si navegas con Firefox: http:\/\/support.mozilla.org\/es\/products\/firefox\/privacy-and-security\/cookies<\/li>\n<li>Si navegas con Chrome: http:\/\/support.google.com\/chrome\/bin\/answer.py?hl=es&amp;answer=95647<\/li>\n<li>Si navegas con Internet Explorer: http:\/\/windows.microsoft.com\/es-es\/windows7\/how-to-manage-cookies-in-internet-explorer-9<\/li>\n<li>Si navegas con Safari: http:\/\/support.apple.com\/kb\/ph5042<\/li>\n<\/ul>\n<p>Si necesitas m\u00e1s detalles sobre el uso que hacemos de las cookies escr\u00edbenos y te informaremos.<\/p>\n","protected":false},"excerpt":{"rendered":"<p>Sobre el uso de las galletas o cookies en este sitio web Una cookie (o cookie en ingl\u00e9s) es un peque\u00f1o fragmento de c\u00f3digo que los sitios web que visitas env\u00edan en su navegador. Su funci\u00f3n es diversa, por ejemplo: Hay galletas de preferencias, que sirven por ejemplo para recordar el idioma que has elegido [&hellip;]<\/p>\n","protected":false},"author":1,"featured_media":0,"parent":0,"menu_order":0,"comment_status":"closed","ping_status":"closed","template":"","meta":{"_acf_changed":false,"footnotes":""},"class_list":["post-311","page","type-page","status-publish","hentry"],"acf":[],"yoast_head":"<!-- This site is optimized with the Yoast SEO plugin v25.0 - https:\/\/yoast.com\/wordpress\/plugins\/seo\/ -->\n<title>Pol\u00edtica de cookies - Acuiplus - Cl\u00faster de Acuicultura<\/title>\n<meta name=\"robots\" content=\"index, follow, max-snippet:-1, max-image-preview:large, max-video-preview:-1\" \/>\n<link rel=\"canonical\" href=\"https:\/\/www.acuiplus.org\/politica-de-cookies\/\" \/>\n<meta property=\"og:locale\" content=\"en_US\" \/>\n<meta property=\"og:type\" content=\"article\" \/>\n<meta property=\"og:title\" content=\"Pol\u00edtica de cookies - Acuiplus - Cl\u00faster de Acuicultura\" \/>\n<meta property=\"og:description\" content=\"Sobre el uso de las galletas o cookies en este sitio web Una cookie (o cookie en ingl\u00e9s) es un peque\u00f1o fragmento de c\u00f3digo que los sitios web que visitas env\u00edan en su navegador. Su funci\u00f3n es diversa, por ejemplo: Hay galletas de preferencias, que sirven por ejemplo para recordar el idioma que has elegido [&hellip;]\" \/>\n<meta property=\"og:url\" content=\"https:\/\/www.acuiplus.org\/politica-de-cookies\/\" \/>\n<meta property=\"og:site_name\" content=\"Acuiplus - Cl\u00faster de Acuicultura\" \/>\n<meta property=\"article:modified_time\" content=\"2018-08-09T10:18:47+00:00\" \/>\n<meta name=\"twitter:card\" content=\"summary_large_image\" \/>\n<meta name=\"twitter:label1\" content=\"Est. reading time\" \/>\n\t<meta name=\"twitter:data1\" content=\"2 minutes\" \/>\n<script type=\"application\/ld+json\" class=\"yoast-schema-graph\">{\"@context\":\"https:\/\/schema.org\",\"@graph\":[{\"@type\":\"WebPage\",\"@id\":\"https:\/\/www.acuiplus.org\/politica-de-cookies\/\",\"url\":\"https:\/\/www.acuiplus.org\/politica-de-cookies\/\",\"name\":\"Pol\u00edtica de cookies - Acuiplus - Cl\u00faster de Acuicultura\",\"isPartOf\":{\"@id\":\"https:\/\/www.acuiplus.org\/#website\"},\"datePublished\":\"2018-01-25T15:41:16+00:00\",\"dateModified\":\"2018-08-09T10:18:47+00:00\",\"breadcrumb\":{\"@id\":\"https:\/\/www.acuiplus.org\/politica-de-cookies\/#breadcrumb\"},\"inLanguage\":\"en-US\",\"potentialAction\":[{\"@type\":\"ReadAction\",\"target\":[\"https:\/\/www.acuiplus.org\/politica-de-cookies\/\"]}]},{\"@type\":\"BreadcrumbList\",\"@id\":\"https:\/\/www.acuiplus.org\/politica-de-cookies\/#breadcrumb\",\"itemListElement\":[{\"@type\":\"ListItem\",\"position\":1,\"name\":\"Portada\",\"item\":\"https:\/\/www.acuiplus.org\/en\/\"},{\"@type\":\"ListItem\",\"position\":2,\"name\":\"Pol\u00edtica de cookies\"}]},{\"@type\":\"WebSite\",\"@id\":\"https:\/\/www.acuiplus.org\/#website\",\"url\":\"https:\/\/www.acuiplus.org\/\",\"name\":\"Acuiplus - Cl\u00faster de Acuicultura\",\"description\":\"Personas por encima de las organizaciones\",\"potentialAction\":[{\"@type\":\"SearchAction\",\"target\":{\"@type\":\"EntryPoint\",\"urlTemplate\":\"https:\/\/www.acuiplus.org\/?s={search_term_string}\"},\"query-input\":{\"@type\":\"PropertyValueSpecification\",\"valueRequired\":true,\"valueName\":\"search_term_string\"}}],\"inLanguage\":\"en-US\"}]}<\/script>\n<!-- \/ Yoast SEO plugin. -->","yoast_head_json":{"title":"Pol\u00edtica de cookies - Acuiplus - Cl\u00faster de Acuicultura","robots":{"index":"index","follow":"follow","max-snippet":"max-snippet:-1","max-image-preview":"max-image-preview:large","max-video-preview":"max-video-preview:-1"},"canonical":"https:\/\/www.acuiplus.org\/politica-de-cookies\/","og_locale":"en_US","og_type":"article","og_title":"Pol\u00edtica de cookies - Acuiplus - Cl\u00faster de Acuicultura","og_description":"Sobre el uso de las galletas o cookies en este sitio web Una cookie (o cookie en ingl\u00e9s) es un peque\u00f1o fragmento de c\u00f3digo que los sitios web que visitas env\u00edan en su navegador. Su funci\u00f3n es diversa, por ejemplo: Hay galletas de preferencias, que sirven por ejemplo para recordar el idioma que has elegido [&hellip;]","og_url":"https:\/\/www.acuiplus.org\/politica-de-cookies\/","og_site_name":"Acuiplus - Cl\u00faster de Acuicultura","article_modified_time":"2018-08-09T10:18:47+00:00","twitter_card":"summary_large_image","twitter_misc":{"Est. reading time":"2 minutes"},"schema":{"@context":"https:\/\/schema.org","@graph":[{"@type":"WebPage","@id":"https:\/\/www.acuiplus.org\/politica-de-cookies\/","url":"https:\/\/www.acuiplus.org\/politica-de-cookies\/","name":"Pol\u00edtica de cookies - Acuiplus - Cl\u00faster de Acuicultura","isPartOf":{"@id":"https:\/\/www.acuiplus.org\/#website"},"datePublished":"2018-01-25T15:41:16+00:00","dateModified":"2018-08-09T10:18:47+00:00","breadcrumb":{"@id":"https:\/\/www.acuiplus.org\/politica-de-cookies\/#breadcrumb"},"inLanguage":"en-US","potentialAction":[{"@type":"ReadAction","target":["https:\/\/www.acuiplus.org\/politica-de-cookies\/"]}]},{"@type":"BreadcrumbList","@id":"https:\/\/www.acuiplus.org\/politica-de-cookies\/#breadcrumb","itemListElement":[{"@type":"ListItem","position":1,"name":"Portada","item":"https:\/\/www.acuiplus.org\/en\/"},{"@type":"ListItem","position":2,"name":"Pol\u00edtica de cookies"}]},{"@type":"WebSite","@id":"https:\/\/www.acuiplus.org\/#website","url":"https:\/\/www.acuiplus.org\/","name":"Acuiplus - Cl\u00faster de Acuicultura","description":"Personas por encima de las organizaciones","potentialAction":[{"@type":"SearchAction","target":{"@type":"EntryPoint","urlTemplate":"https:\/\/www.acuiplus.org\/?s={search_term_string}"},"query-input":{"@type":"PropertyValueSpecification","valueRequired":true,"valueName":"search_term_string"}}],"inLanguage":"en-US"}]}},"post_mailing_queue_ids":[],"_links":{"self":[{"href":"https:\/\/www.acuiplus.org\/en\/wp-json\/wp\/v2\/pages\/311","targetHints":{"allow":["GET"]}}],"collection":[{"href":"https:\/\/www.acuiplus.org\/en\/wp-json\/wp\/v2\/pages"}],"about":[{"href":"https:\/\/www.acuiplus.org\/en\/wp-json\/wp\/v2\/types\/page"}],"author":[{"embeddable":true,"href":"https:\/\/www.acuiplus.org\/en\/wp-json\/wp\/v2\/users\/1"}],"replies":[{"embeddable":true,"href":"https:\/\/www.acuiplus.org\/en\/wp-json\/wp\/v2\/comments?post=311"}],"version-history":[{"count":1,"href":"https:\/\/www.acuiplus.org\/en\/wp-json\/wp\/v2\/pages\/311\/revisions"}],"predecessor-version":[{"id":664,"href":"https:\/\/www.acuiplus.org\/en\/wp-json\/wp\/v2\/pages\/311\/revisions\/664"}],"wp:attachment":[{"href":"https:\/\/www.acuiplus.org\/en\/wp-json\/wp\/v2\/media?parent=311"}],"curies":[{"name":"wp","href":"https:\/\/api.w.org\/{rel}","templated":true}]}}