{"id":304,"date":"2018-01-25T15:40:56","date_gmt":"2018-01-25T15:40:56","guid":{"rendered":"https:\/\/www.acuiplus.org\/aviso-legal\/"},"modified":"2018-08-09T10:23:22","modified_gmt":"2018-08-09T10:23:22","slug":"aviso-legal","status":"publish","type":"page","link":"https:\/\/www.acuiplus.org\/en\/aviso-legal\/","title":{"rendered":"Aviso legal"},"content":{"rendered":"<p>En cumplimiento de la LSSI, hacemos p\u00fablicos los datos personales del propietario de esta p\u00e1gina web:<\/p>\n<blockquote><p><em>Associaci\u00f3 Cl\u00faster Aq\u00fcicat<\/em><br \/>\n<em>Carretera del Poble Nou, Km 5,5<\/em><br \/>\n<em>43540 Sant Carles de la R\u00e0pita (Tarragona), Espa\u00f1a<\/em><br \/>\n<em>NIF: G55628762<\/em><br \/>\n<em>Email: info[a]acuiplus.org<\/em><\/p><\/blockquote>\n<p>&nbsp;<\/p>\n<p><strong>RESPONSABILIDAD<br \/>\n<\/strong>El autor de esta web no se hace responsable de los comentarios y las opiniones expresadas por terceras personas, ajenas al weblog. Se declina toda responsabilidad legal, jur\u00eddica o penal sobre estos comentarios u opiniones. S\u00f3lo la persona que escriba cada comentario ser\u00e1 la responsable legal \u00fanica de las posibles actuaciones que se puedan derivar contra ella o contra esta web por un mal uso de los comentarios y de la libertad de expresi\u00f3n.<\/p>\n<p>Desde esta web queremos fomentar el di\u00e1logo y la libertad de expresar opiniones personales, pero siempre en clima de respeto y de aceptaci\u00f3n de las diferencias. Sin embargo, nos reservamos el derecho de borrar y, por tanto, no publicar, cualquier comentario que atente contra estos principios, no tenga un tono de respeto o fomente la violencia, insulte o vaya en contra de los principales derechos humanos m\u00e1s b\u00e1sicos. Todos los comentarios estar\u00e1n moderados por el gestor de este blog. Del mismo modo, si el autor del blog cree que alg\u00fan comentario puede caer en alg\u00fan tipo de infracci\u00f3n penal o jur\u00eddica, este ser\u00e1 guardado y se pondr\u00e1, en caso necesario, a disposici\u00f3n judicial. Se guardar\u00e1n las direcciones IP de los visitantes que escriban los comentarios, que se presentar\u00e1n a la autoridad judicial competente.<\/p>\n<p><strong>ALMACENAMIENTO Y ACCESO DE DATOS PERSONALES<\/strong><\/p>\n<p>Este blog, gestionado con el CMS WordPress, almacena de forma totalmente autom\u00e1tica datos personales de las personas que dejan comentarios. Se guardan los siguientes datos: Nombre, Correo electr\u00f3nico, URI, Direcci\u00f3n IP, Fecha del comentario, Hora del comentario.<\/p>\n<p>Y siempre con \u00fanico fin de enviar comentarios en el blog. El gestor del blog se compromete a no hacer ning\u00fan uso ileg\u00edtimo, como spam, usos comerciales o cesiones a terceras personas, y se mantendr\u00e1n en la m\u00e1s absoluta privacidad. No obstante, y como se ha apuntado m\u00e1s arriba, se caso que se requiera, se pondr\u00e1n a disposici\u00f3n de la autoridad judicial correspondiente.<\/p>\n<p>Cualquier usuario que haya formado parte activa del blog (dejando comentarios, o que aparezca referenciado en un art\u00edculo, por ejemplo) podr\u00e1 solicitar por escrito acceder a sus datos personales almacenados por el blog, y pedir su cancelaci\u00f3n, rectificaci\u00f3n o modificaci\u00f3n.<\/p>\n","protected":false},"excerpt":{"rendered":"<p>En cumplimiento de la LSSI, hacemos p\u00fablicos los datos personales del propietario de esta p\u00e1gina web: Associaci\u00f3 Cl\u00faster Aq\u00fcicat Carretera del Poble Nou, Km 5,5 43540 Sant Carles de la R\u00e0pita (Tarragona), Espa\u00f1a NIF: G55628762 Email: info[a]acuiplus.org &nbsp; RESPONSABILIDAD El autor de esta web no se hace responsable de los comentarios y las opiniones expresadas [&hellip;]<\/p>\n","protected":false},"author":1,"featured_media":0,"parent":0,"menu_order":0,"comment_status":"closed","ping_status":"closed","template":"","meta":{"_acf_changed":false,"footnotes":""},"class_list":["post-304","page","type-page","status-publish","hentry"],"acf":[],"yoast_head":"<!-- This site is optimized with the Yoast SEO plugin v25.0 - https:\/\/yoast.com\/wordpress\/plugins\/seo\/ -->\n<title>Aviso legal - Acuiplus - Cl\u00faster de Acuicultura<\/title>\n<meta name=\"robots\" content=\"index, follow, max-snippet:-1, max-image-preview:large, max-video-preview:-1\" \/>\n<link rel=\"canonical\" href=\"https:\/\/www.acuiplus.org\/aviso-legal\/\" \/>\n<meta property=\"og:locale\" content=\"en_US\" \/>\n<meta property=\"og:type\" content=\"article\" \/>\n<meta property=\"og:title\" content=\"Aviso legal - Acuiplus - Cl\u00faster de Acuicultura\" \/>\n<meta property=\"og:description\" content=\"En cumplimiento de la LSSI, hacemos p\u00fablicos los datos personales del propietario de esta p\u00e1gina web: Associaci\u00f3 Cl\u00faster Aq\u00fcicat Carretera del Poble Nou, Km 5,5 43540 Sant Carles de la R\u00e0pita (Tarragona), Espa\u00f1a NIF: G55628762 Email: info[a]acuiplus.org &nbsp; RESPONSABILIDAD El autor de esta web no se hace responsable de los comentarios y las opiniones expresadas [&hellip;]\" \/>\n<meta property=\"og:url\" content=\"https:\/\/www.acuiplus.org\/aviso-legal\/\" \/>\n<meta property=\"og:site_name\" content=\"Acuiplus - Cl\u00faster de Acuicultura\" \/>\n<meta property=\"article:modified_time\" content=\"2018-08-09T10:23:22+00:00\" \/>\n<meta name=\"twitter:card\" content=\"summary_large_image\" \/>\n<meta name=\"twitter:label1\" content=\"Est. reading time\" \/>\n\t<meta name=\"twitter:data1\" content=\"2 minutes\" \/>\n<script type=\"application\/ld+json\" class=\"yoast-schema-graph\">{\"@context\":\"https:\/\/schema.org\",\"@graph\":[{\"@type\":\"WebPage\",\"@id\":\"https:\/\/www.acuiplus.org\/aviso-legal\/\",\"url\":\"https:\/\/www.acuiplus.org\/aviso-legal\/\",\"name\":\"Aviso legal - Acuiplus - Cl\u00faster de Acuicultura\",\"isPartOf\":{\"@id\":\"https:\/\/www.acuiplus.org\/#website\"},\"datePublished\":\"2018-01-25T15:40:56+00:00\",\"dateModified\":\"2018-08-09T10:23:22+00:00\",\"breadcrumb\":{\"@id\":\"https:\/\/www.acuiplus.org\/aviso-legal\/#breadcrumb\"},\"inLanguage\":\"en-US\",\"potentialAction\":[{\"@type\":\"ReadAction\",\"target\":[\"https:\/\/www.acuiplus.org\/aviso-legal\/\"]}]},{\"@type\":\"BreadcrumbList\",\"@id\":\"https:\/\/www.acuiplus.org\/aviso-legal\/#breadcrumb\",\"itemListElement\":[{\"@type\":\"ListItem\",\"position\":1,\"name\":\"Portada\",\"item\":\"https:\/\/www.acuiplus.org\/en\/\"},{\"@type\":\"ListItem\",\"position\":2,\"name\":\"Aviso legal\"}]},{\"@type\":\"WebSite\",\"@id\":\"https:\/\/www.acuiplus.org\/#website\",\"url\":\"https:\/\/www.acuiplus.org\/\",\"name\":\"Acuiplus - Cl\u00faster de Acuicultura\",\"description\":\"Personas por encima de las organizaciones\",\"potentialAction\":[{\"@type\":\"SearchAction\",\"target\":{\"@type\":\"EntryPoint\",\"urlTemplate\":\"https:\/\/www.acuiplus.org\/?s={search_term_string}\"},\"query-input\":{\"@type\":\"PropertyValueSpecification\",\"valueRequired\":true,\"valueName\":\"search_term_string\"}}],\"inLanguage\":\"en-US\"}]}<\/script>\n<!-- \/ Yoast SEO plugin. -->","yoast_head_json":{"title":"Aviso legal - Acuiplus - Cl\u00faster de Acuicultura","robots":{"index":"index","follow":"follow","max-snippet":"max-snippet:-1","max-image-preview":"max-image-preview:large","max-video-preview":"max-video-preview:-1"},"canonical":"https:\/\/www.acuiplus.org\/aviso-legal\/","og_locale":"en_US","og_type":"article","og_title":"Aviso legal - Acuiplus - Cl\u00faster de Acuicultura","og_description":"En cumplimiento de la LSSI, hacemos p\u00fablicos los datos personales del propietario de esta p\u00e1gina web: Associaci\u00f3 Cl\u00faster Aq\u00fcicat Carretera del Poble Nou, Km 5,5 43540 Sant Carles de la R\u00e0pita (Tarragona), Espa\u00f1a NIF: G55628762 Email: info[a]acuiplus.org &nbsp; RESPONSABILIDAD El autor de esta web no se hace responsable de los comentarios y las opiniones expresadas [&hellip;]","og_url":"https:\/\/www.acuiplus.org\/aviso-legal\/","og_site_name":"Acuiplus - Cl\u00faster de Acuicultura","article_modified_time":"2018-08-09T10:23:22+00:00","twitter_card":"summary_large_image","twitter_misc":{"Est. reading time":"2 minutes"},"schema":{"@context":"https:\/\/schema.org","@graph":[{"@type":"WebPage","@id":"https:\/\/www.acuiplus.org\/aviso-legal\/","url":"https:\/\/www.acuiplus.org\/aviso-legal\/","name":"Aviso legal - Acuiplus - Cl\u00faster de Acuicultura","isPartOf":{"@id":"https:\/\/www.acuiplus.org\/#website"},"datePublished":"2018-01-25T15:40:56+00:00","dateModified":"2018-08-09T10:23:22+00:00","breadcrumb":{"@id":"https:\/\/www.acuiplus.org\/aviso-legal\/#breadcrumb"},"inLanguage":"en-US","potentialAction":[{"@type":"ReadAction","target":["https:\/\/www.acuiplus.org\/aviso-legal\/"]}]},{"@type":"BreadcrumbList","@id":"https:\/\/www.acuiplus.org\/aviso-legal\/#breadcrumb","itemListElement":[{"@type":"ListItem","position":1,"name":"Portada","item":"https:\/\/www.acuiplus.org\/en\/"},{"@type":"ListItem","position":2,"name":"Aviso legal"}]},{"@type":"WebSite","@id":"https:\/\/www.acuiplus.org\/#website","url":"https:\/\/www.acuiplus.org\/","name":"Acuiplus - Cl\u00faster de Acuicultura","description":"Personas por encima de las organizaciones","potentialAction":[{"@type":"SearchAction","target":{"@type":"EntryPoint","urlTemplate":"https:\/\/www.acuiplus.org\/?s={search_term_string}"},"query-input":{"@type":"PropertyValueSpecification","valueRequired":true,"valueName":"search_term_string"}}],"inLanguage":"en-US"}]}},"post_mailing_queue_ids":[],"_links":{"self":[{"href":"https:\/\/www.acuiplus.org\/en\/wp-json\/wp\/v2\/pages\/304","targetHints":{"allow":["GET"]}}],"collection":[{"href":"https:\/\/www.acuiplus.org\/en\/wp-json\/wp\/v2\/pages"}],"about":[{"href":"https:\/\/www.acuiplus.org\/en\/wp-json\/wp\/v2\/types\/page"}],"author":[{"embeddable":true,"href":"https:\/\/www.acuiplus.org\/en\/wp-json\/wp\/v2\/users\/1"}],"replies":[{"embeddable":true,"href":"https:\/\/www.acuiplus.org\/en\/wp-json\/wp\/v2\/comments?post=304"}],"version-history":[{"count":5,"href":"https:\/\/www.acuiplus.org\/en\/wp-json\/wp\/v2\/pages\/304\/revisions"}],"predecessor-version":[{"id":676,"href":"https:\/\/www.acuiplus.org\/en\/wp-json\/wp\/v2\/pages\/304\/revisions\/676"}],"wp:attachment":[{"href":"https:\/\/www.acuiplus.org\/en\/wp-json\/wp\/v2\/media?parent=304"}],"curies":[{"name":"wp","href":"https:\/\/api.w.org\/{rel}","templated":true}]}}